{"id":43,"date":"2017-07-16T00:48:22","date_gmt":"2017-07-15T22:48:22","guid":{"rendered":"http:\/\/psychotherapie-renate-hahn.de\/wordpress\/?page_id=43"},"modified":"2024-10-02T20:51:27","modified_gmt":"2024-10-02T18:51:27","slug":"ueber-mich","status":"publish","type":"page","link":"https:\/\/psychotherapie-renate-hahn.de\/wordpress\/ueber-mich\/","title":{"rendered":"\u00dcber mich"},"content":{"rendered":"<div  class=\"lgc-column lgc-grid-parent lgc-grid-33 lgc-tablet-grid-33 lgc-mobile-grid-100 lgc-equal-heights \"><div  class=\"inside-grid-column\">\n<p><img loading=\"lazy\" decoding=\"async\" class=\"alignnone wp-image-51 size-full\" src=\"http:\/\/psychotherapie-renate-hahn.de\/wordpress\/wp-content\/uploads\/2017\/07\/Portrait2014-white.jpg\" alt=\"\" width=\"525\" height=\"700\" srcset=\"https:\/\/psychotherapie-renate-hahn.de\/wordpress\/wp-content\/uploads\/2017\/07\/Portrait2014-white.jpg 525w, https:\/\/psychotherapie-renate-hahn.de\/wordpress\/wp-content\/uploads\/2017\/07\/Portrait2014-white-225x300.jpg 225w\" sizes=\"auto, (max-width: 525px) 100vw, 525px\" \/><\/p>\n<p><\/p><\/div><\/div>\n<div  class=\"lgc-column lgc-grid-parent lgc-grid-60 lgc-tablet-grid-60 lgc-mobile-grid-100 lgc-equal-heights \"><div  class=\"inside-grid-column\"><\/div><\/div><div class=\"lgc-clear\"><\/div>\n<p><strong>Berufst\u00e4tigkeit<\/strong><\/p>\n<p>Seit 2005 Selbst\u00e4ndige T\u00e4tigkeit in eigener Praxis mit Kassenzulassung<\/p>\n<p>2001 &#8211; 2005 Klinik f\u00fcr Psychosomatische Medizin, Bad Gr\u00f6nenbach<\/p>\n<p>2000 Fachklinik f\u00fcr Psychosomatik und Psychotherapie,<br \/>\nOberstdorf<\/p>\n<p>1996 &#8211; 2000 Fachklinik f\u00fcr Alkohol- und Medikamentenabh\u00e4ngigkeit, Bad Fredeburg<\/p>\n<p><span style=\"font-size: 14pt;\"><strong>Psychotherapieausbildungen<\/strong><\/span><\/p>\n<p>1999 Approbation als Psychologische Psychotherapeutin<\/p>\n<p>2008 \u2013 2010 Fachkundeerweiterung \u201ePsychoanalyse\u201c bei dem \u00c4rztlichen und Psychologischen Weiterbildungskreis (\u00c4PK), M\u00fcnchen.<\/p>\n<p>2005 \u2013 2006 Quali\ufb01zierung als EMDR-Therapeutin<\/p>\n<p>2004 \u2013 2005 Curriculum Supervision bei der M\u00fcnchener Arbeitsgemeinschaft f\u00fcr Psychoanalyse (MAP)<\/p>\n<div>\n<p>1999 \u2013 2004 Ausbildung in Klientenzentrierter Gespr\u00e4chstherapie und erlebnisorientierter Traumapsychotherapie<\/p>\n<\/div>\n<p>1992 \u2013 1997 Ausbildung in Gestalttheoretischer Psychotherapie<\/p>\n<p>1988 \u2013 1995 Studium der Psychologie mit Nebenfach Medizin an der Justus-Liebig-Universit\u00e4t Giessen<\/p>\n<p>1985 \u2013 1988 Abendgymnasium Offenbach mit Abschluss Abitur<\/p>\n<p><span style=\"color: #ffffff;\">h<\/span><\/p>\n","protected":false},"excerpt":{"rendered":"<p>Berufst\u00e4tigkeit Seit 2005 Selbst\u00e4ndige T\u00e4tigkeit in eigener Praxis mit Kassenzulassung 2001 &#8211; 2005 Klinik f\u00fcr Psychosomatische Medizin, Bad Gr\u00f6nenbach 2000 Fachklinik f\u00fcr Psychosomatik und Psychotherapie, Oberstdorf 1996 &#8211; 2000 Fachklinik f\u00fcr Alkohol- und Medikamentenabh\u00e4ngigkeit, Bad Fredeburg Psychotherapieausbildungen 1999 Approbation als<\/p>\n","protected":false},"author":1,"featured_media":0,"parent":0,"menu_order":0,"comment_status":"closed","ping_status":"closed","template":"","meta":{"footnotes":""},"class_list":["post-43","page","type-page","status-publish","hentry"],"_links":{"self":[{"href":"https:\/\/psychotherapie-renate-hahn.de\/wordpress\/wp-json\/wp\/v2\/pages\/43","targetHints":{"allow":["GET"]}}],"collection":[{"href":"https:\/\/psychotherapie-renate-hahn.de\/wordpress\/wp-json\/wp\/v2\/pages"}],"about":[{"href":"https:\/\/psychotherapie-renate-hahn.de\/wordpress\/wp-json\/wp\/v2\/types\/page"}],"author":[{"embeddable":true,"href":"https:\/\/psychotherapie-renate-hahn.de\/wordpress\/wp-json\/wp\/v2\/users\/1"}],"replies":[{"embeddable":true,"href":"https:\/\/psychotherapie-renate-hahn.de\/wordpress\/wp-json\/wp\/v2\/comments?post=43"}],"version-history":[{"count":10,"href":"https:\/\/psychotherapie-renate-hahn.de\/wordpress\/wp-json\/wp\/v2\/pages\/43\/revisions"}],"predecessor-version":[{"id":319,"href":"https:\/\/psychotherapie-renate-hahn.de\/wordpress\/wp-json\/wp\/v2\/pages\/43\/revisions\/319"}],"wp:attachment":[{"href":"https:\/\/psychotherapie-renate-hahn.de\/wordpress\/wp-json\/wp\/v2\/media?parent=43"}],"curies":[{"name":"wp","href":"https:\/\/api.w.org\/{rel}","templated":true}]}}